{"id":987,"date":"2025-05-27T02:01:53","date_gmt":"2025-05-27T00:01:53","guid":{"rendered":"https:\/\/addons.uber.space\/?page_id=987"},"modified":"2025-09-23T21:22:52","modified_gmt":"2025-09-23T19:22:52","slug":"documentation","status":"publish","type":"page","link":"https:\/\/www.addonflow.com\/de\/documentation\/","title":{"rendered":"Dokumentation"},"content":{"rendered":"<div data-elementor-type=\"wp-page\" data-elementor-id=\"987\" class=\"elementor elementor-987\" data-elementor-post-type=\"page\">\n\t\t\t\t<div class=\"elementor-element elementor-element-2cf96863 e-flex e-con-boxed e-con e-parent\" data-id=\"2cf96863\" data-element_type=\"container\">\n\t\t\t\t\t<div class=\"e-con-inner\">\n\t\t\t\t<div class=\"elementor-element elementor-element-a6f380a elementor-widget elementor-widget-text-editor\" data-id=\"a6f380a\" data-element_type=\"widget\" data-widget_type=\"text-editor.default\">\n\t\t\t\t<div class=\"elementor-widget-container\">\n\t\t\t\t\t\t\t\t\t<h1>\ud83e\udd16 ZAICONNECT - KI-gest\u00fctzte Znuny-Revolution<\/h1><h2>\u2728 <strong>Transformieren Sie Ihren Support mit intelligenter Automatisierung<\/strong><\/h2><p>ZAICONNECT integriert hochmoderne KI nahtlos in Ihr Znuny-\u00d6kosystem. Verbinden mit <strong>ChatGPT<\/strong>, <strong>Chatbase<\/strong>, <strong>ChatData<\/strong>, <strong>DeepL<\/strong>und <strong>Google Cloud<\/strong> um die Ticketbearbeitung zu revolutionieren, Antworten zu automatisieren und au\u00dfergew\u00f6hnliche Kundenerlebnisse auf der Grundlage Ihrer eigenen Schulungsdaten zu liefern.<\/p><h3>\ud83d\ude80 <strong>Zentrale KI-Features<\/strong><\/h3><table><thead><tr><th>\ud83c\udfaf <strong>Intelligente Ticketverarbeitung<\/strong><\/th><th>\ud83d\udcac <strong>Intelligente Antworten<\/strong><\/th><th>\ud83d\udcda <strong>FAQ Automatisierung<\/strong><\/th><th>\ud83c\udf10 <strong>\u00dcbersetzung von Dokumenten<\/strong><\/th><\/tr><\/thead><tbody><tr><td>Erste Antworten automatisch generieren<\/td><td>Kontextabh\u00e4ngige Antwortvorschl\u00e4ge<\/td><td>FAQs generieren und abgleichen<\/td><td>Professionelle mehrsprachige Dokumente<\/td><\/tr><tr><td>Schl\u00fcsselw\u00f6rter automatisch extrahieren<\/td><td>Mehrere Antwortstile<\/td><td>Intelligente Artikelempfehlungen<\/td><td>Unterst\u00fctzung von \u00fcber 40 Sprachen<\/td><\/tr><tr><td>Priorit\u00e4ten nach Inhalt setzen<\/td><td>Benutzerdefinierte Eingabeaufforderungen und Interaktionen<\/td><td>L\u00f6sungen mit Tickets verkn\u00fcpfen<\/td><td>Verarbeitung in Echtzeit<\/td><\/tr><\/tbody><\/table><hr \/><h2>\ud83d\udd27 <strong>Schnellstart-Anleitung<\/strong><\/h2><h3><strong>Systemanforderungen<\/strong><\/h3><ul><li>\u2705 Znuny 6.5+ \/ 7.0+ \/ 7.1+<\/li><li>\u2705 Konten von KI-Anbietern (OpenAI, DeepL, etc.)<\/li><li>\u2705 SSL-f\u00e4hige Umgebung<\/li><\/ul><h3><strong>Blitz-Einrichtung<\/strong><\/h3><pre><code class=\"language-bash\">1\ufe0f\u20e3 Herunterladen \u2192 Hochladen des .opm-Pakets \u00fcber den Paketmanager\n2\ufe0f\u20e3 Konfigurieren \u2192 API-Schl\u00fcssel in der Systemkonfiguration hinzuf\u00fcgen\n3\ufe0f\u20e3 Aktivieren \u2192 Module aktivieren und AIAgents-Gruppe zuweisen\n4\ufe0f\u20e3 Bereitstellen \u2192 Im Staging testen, dann live gehen\n<\/code><\/pre><blockquote><p>\u26a0\ufe0f <strong>Profi-Tipp:<\/strong> Testen Sie immer zuerst in einer Staging-Umgebung. Vor der Installation ist eine vollst\u00e4ndige Systemsicherung erforderlich. Pr\u00fcfen Sie die vollst\u00e4ndige Dokumentation, die mit dem Modul geliefert wird.<\/p><\/blockquote><hr \/><h2>\ud83c\udfaf <strong>KI-Module im \u00dcberblick<\/strong><\/h2><h3>\ud83e\udd16 <strong>KI Erstvorschlag<\/strong><\/h3><ul><li><strong>Ausl\u00f6ser:<\/strong> Automatisch bei neuen Tickets<\/li><li><strong>KI-Modelle:<\/strong> gpt-4.1, gpt-4.1-mini, gpt-5, claude und andere beliebte Modelle<\/li><li><strong>Merkmale:<\/strong> Bereitet den ersten L\u00f6sungsversuch f\u00fcr eine Kundenanfrage vor,<br \/>Attachment-Analyse, Schl\u00fcsselwort-Extraktion<\/li><li><strong>Ausgabe:<\/strong> Erster L\u00f6sungsvorschlag f\u00fcr Support-Agenten, bereit f\u00fcr die Arbeit mit.<\/li><\/ul><h3>\u26a1 <strong>KI Artikel Aufgaben<\/strong><\/h3><ul><li><strong>Interaktiver Modus:<\/strong> Benutzerdefinierte Prompts mit Vorschau und Revision<\/li><li><strong>Mehrsprachig:<\/strong> Sofortige \u00dcbersetzungen<\/li><li><strong>Aufgabentypen:<\/strong> Antworten, Zusammenfassungen, L\u00f6sungen<\/li><li><strong>Intelligenter Kontext:<\/strong> Inklusive Ticketverlauf<\/li><\/ul><h3>\ud83d\udcca <strong>KI Technische Zusammenfassung<\/strong><\/h3><ul><li><strong>Umfang:<\/strong> Vollst\u00e4ndige Ticket-Analyse<\/li><li><strong>Kapazit\u00e4t:<\/strong> Bearbeitung von 90-100+ Artikel-Tickets<\/li><li><strong>Intelligenz:<\/strong> Setzt Priorit\u00e4ten bei wichtigen Inhalten<\/li><li><strong>Anwendungsf\u00e4lle:<\/strong> Eskalationen, Dokumentation<\/li><\/ul><h3>\ud83d\udca1 <strong>KI L\u00f6sungsvorschlag<\/strong><\/h3><ul><li><strong>Tiefgreifende Analyse:<\/strong> Alle Ticketartikel<\/li><li><strong>Umfassend:<\/strong> Mehrstufige L\u00f6sungen<\/li><li><strong>Kontextabh\u00e4ngig:<\/strong> Dynamische Feldintegration<\/li><li><strong>Qualit\u00e4t:<\/strong> Detaillierte Schritte zur Fehlerbehebung<\/li><\/ul><h3>\ud83d\udd0d <strong>ZaiQMatch - Intelligente FAQ<\/strong><\/h3><ul><li><strong>Abgleich in Echtzeit:<\/strong> Sofortige FAQ-Vorschl\u00e4ge mit genehmigten Daten<\/li><li><strong>Intelligentes Ranking:<\/strong> Gewichtetes Punktesystem<\/li><li><strong>Schnell einf\u00fcgen:<\/strong> Ein-Klick-FAQ-Einf\u00fcgung mit benutzerdefinierten Etiketten<\/li><li><strong>Lernsystem:<\/strong> Verbessert sich mit der Zeit!<\/li><\/ul><h3>\ud83c\udf10 <strong>KI Dokumenten\u00fcbersetzer<\/strong><\/h3><ul><li><strong>Professionelle Qualit\u00e4t:<\/strong> DeepL &amp; Google Cloud<\/li><li><strong>Dateiunterst\u00fctzung:<\/strong> PDF, DOC, PPT, XLS, ...<\/li><li><strong>Stapelverarbeitung:<\/strong> Mehrere Dateien auf einmal<\/li><li><strong>Sichere Handhabung:<\/strong> Bereinigung tempor\u00e4rer Dateien<\/li><\/ul><h3>\ud83d\udcac <strong>KI Chatbot Integration<\/strong><\/h3><ul><li><strong>Eingebettete Schnittstelle:<\/strong> Direkte Fahrkartenhilfe<\/li><li><strong>Benutzerdefinierte Ausbildung:<\/strong> Ihr Unternehmenswissen<\/li><li><strong>Multi-Provider:<\/strong> Chatbase, ChatData-Unterst\u00fctzung<\/li><\/ul><hr \/><h2>\ud83c\udfa8 <strong>Moderne Merkmale<\/strong><\/h2><h3>\ud83c\udf1f <strong>Interaktiver KI-Dialog<\/strong><\/h3><ul><li>Moderne Partikeleffekt-Schnittstelle<\/li><li>Thema Hell\/Dunkel<\/li><li>Zeichenz\u00e4hlung in Echtzeit<\/li><li>Sanfte Animationen und \u00dcberg\u00e4nge<\/li><li>Vorschaumodus mit Revisionsm\u00f6glichkeit<\/li><\/ul><h3>\ud83d\udd04 <strong>Magie der R\u00fcck\u00fcbersetzung<\/strong><\/h3><ul><li>Antworten in jeder Sprache bearbeiten<\/li><li>Automatisch in andere Sprachen \u00fcbersetzen<\/li><li>Formatierung und Struktur beibehalten<\/li><li>Sprachumschaltung mit einem Klick<\/li><\/ul><h3>\ud83d\udcc8 <strong>Intelligente Leistung<\/strong><\/h3><ul><li>Heuristische Verarbeitung von Inhalten<\/li><li>Intelligente Zeichenbegrenzungen<\/li><li>Anbieter-optimierte Anfragen<\/li><li>Kosteneffiziente API-Nutzung<\/li><\/ul><hr \/><h2>\ud83d\udcbc <strong>Preisgestaltung &amp; Lizenzstufen<\/strong><\/h2><table><thead><tr><th><strong>BASIC<\/strong><\/th><th><strong>PRO<\/strong><\/th><th><strong>ENTERPRISE<\/strong><\/th><\/tr><\/thead><tbody><tr><td>KI-Kernfunktionen<\/td><td>Erweiterte Funktionen<\/td><td>Vollst\u00e4ndiger Zugang zum Modul<\/td><\/tr><tr><td>Wesentliche Module<\/td><td>Verbesserte Konfiguration<\/td><td>Mehrere Produktionsinstanzen<\/td><\/tr><tr><td>1 Produktion + 1 Test<\/td><td>1 Produktion + 1 Test<\/td><td>Unbegrenzter Einsatz<\/td><\/tr><tr><td>J\u00e4hrliche Lizenz<\/td><td>J\u00e4hrliche Lizenz<\/td><td>J\u00e4hrliche Lizenz<\/td><\/tr><\/tbody><\/table><hr \/><h2>\ud83d\udee0\ufe0f <strong>Erweiterte Konfiguration<\/strong><\/h2><h3><strong>Optimierung der API-Anbieter<\/strong><\/h3><pre><code class=\"language-yaml\">ChatGPT: Am besten f\u00fcr umfangreiche Inhalte und Zusammenfassungen (400K+ Zeichen)\nChatData: Perfekt f\u00fcr die Integration von Trainingsdaten und umfangreichen Antworten (viele Modelle)\nChatbase: Stark f\u00fcr die Integration von Trainingsdaten und k\u00fcrzere Antworten (viele Modelle)\nDeepL: Erstklassige \u00dcbersetzungsqualit\u00e4t\nGoogle Cloud: Kosteng\u00fcnstige Premium-\u00dcbersetzung<\/code><\/pre><h3><strong>Leistungsoptimierung<\/strong><\/h3><ul><li><strong>Zeichenbegrenzungen:<\/strong> Gleichgewicht zwischen Kontext und Kosten<\/li><li><strong>Temperatur-Einstellungen:<\/strong> 0,0-0,3 f\u00fcr technische Genauigkeit<\/li><li><strong>Modellauswahl:<\/strong> z. B. gpt-4.1 gegen\u00fcber gpt-5 aufgrund von Komplexit\u00e4t und Geschwindigkeit<\/li><li><strong>Bearbeitungspriorit\u00e4t:<\/strong> Erster Artikel \u2192 Wichtig \u2192 Dynamische Felder<\/li><\/ul><hr \/><h2>\ud83d\udcda <strong>Dokumentation &amp; Unterst\u00fctzung<\/strong><\/h2><h3>\ud83d\udcd6 <strong>Inklusive vollst\u00e4ndiger Dokumentation<\/strong><\/h3><p>Die vollst\u00e4ndige <strong>\u00dcber 40 Seiten umfassende Dokumentation<\/strong> ist im Lieferumfang jeder ZAICONNECT-Installation enthalten und bietet:<\/p><ul><li>Detaillierte Modulkonfigurationen<\/li><li>Anleitungen zur Einrichtung von API-Anbietern<\/li><li>Bew\u00e4hrte Sicherheitsverfahren<\/li><li>Fehlersuche und Optimierung<\/li><li>Erweiterte Anpassungsoptionen<\/li><\/ul><p><strong>Diese Homepage-Dokumentation wird st\u00e4ndig erweitert<\/strong> auf der Grundlage von Nutzerfeedback und neuen Funktionen.<\/p><h3>\ud83c\udd98 <strong>Hilfe erhalten<\/strong><\/h3><ul><li>\ud83c\udf10 <strong>Wissensdatenbank:<\/strong> Ausweitung des Online-Dokumentationsportals<\/li><li>\ud83d\udce7 <strong>E-Mail-Unterst\u00fctzung:<\/strong> info@addonflow.com<\/li><\/ul><hr \/><h2>\ud83d\udd10 <strong>Sicherheit und Einhaltung von Vorschriften<\/strong><\/h2><ul><li>\ud83d\udee1\ufe0f <strong>API-Schl\u00fcssel-Schutz:<\/strong> Sichere Speicherung im FileSystem<\/li><li>\ud83c\udf10 <strong>Sicherheitspolitik f\u00fcr Inhalte:<\/strong> Automatische CSP-Konfiguration<\/li><li>\ud83d\udd12 <strong>Datenschutz:<\/strong> Filtern sensibler Informationen \u00fcber RegExp-Muster<\/li><li>\ud83d\udc65 <strong>Zugangskontrolle:<\/strong> Gruppenbasierte Berechtigungen<\/li><li>\ud83d\udccb <strong>Audit Trail:<\/strong> Vollst\u00e4ndige Betriebsprotokollierung und Diagnosemodus<\/li><\/ul><hr \/><h2>\ud83d\ude80 <strong>Sind Sie bereit, Ihren Support zu ver\u00e4ndern?<\/strong><\/h2><p>Machen Sie mit bei der KI-Revolution im Kundensupport. ZAICONNECT bringt k\u00fcnstliche Intelligenz auf Unternehmensebene in Ihr Znuny-System - mit einer unkomplizierten Einrichtung und maximalen Ergebnissen.<\/p><hr \/><p><em>Zuletzt aktualisiert: September 2025<\/em><\/p>\t\t\t\t\t\t\t\t<\/div>\n\t\t\t\t<\/div>\n\t\t\t\t\t<\/div>\n\t\t\t\t<\/div>\n\t\t\t\t<\/div>","protected":false},"excerpt":{"rendered":"<p>\ud83e\udd16 ZAICONNECT &#8211; AI-Powered Znuny Revolution \u2728 Transform Your Support with Intelligent Automation ZAICONNECT seamlessly integrates cutting-edge AI into your Znuny ecosystem. Connect with ChatGPT, Chatbase, ChatData, DeepL, and Google Cloud to revolutionize ticket handling, automate responses, and deliver exceptional&hellip;<\/p>","protected":false},"author":1,"featured_media":0,"parent":0,"menu_order":0,"comment_status":"closed","ping_status":"closed","template":"","meta":{"footnotes":""},"class_list":["post-987","page","type-page","status-publish","hentry"],"_links":{"self":[{"href":"https:\/\/www.addonflow.com\/de\/wp-json\/wp\/v2\/pages\/987","targetHints":{"allow":["GET"]}}],"collection":[{"href":"https:\/\/www.addonflow.com\/de\/wp-json\/wp\/v2\/pages"}],"about":[{"href":"https:\/\/www.addonflow.com\/de\/wp-json\/wp\/v2\/types\/page"}],"author":[{"embeddable":true,"href":"https:\/\/www.addonflow.com\/de\/wp-json\/wp\/v2\/users\/1"}],"replies":[{"embeddable":true,"href":"https:\/\/www.addonflow.com\/de\/wp-json\/wp\/v2\/comments?post=987"}],"version-history":[{"count":11,"href":"https:\/\/www.addonflow.com\/de\/wp-json\/wp\/v2\/pages\/987\/revisions"}],"predecessor-version":[{"id":1489,"href":"https:\/\/www.addonflow.com\/de\/wp-json\/wp\/v2\/pages\/987\/revisions\/1489"}],"wp:attachment":[{"href":"https:\/\/www.addonflow.com\/de\/wp-json\/wp\/v2\/media?parent=987"}],"curies":[{"name":"wp","href":"https:\/\/api.w.org\/{rel}","templated":true}]}}