{"id":1248,"date":"2025-07-29T19:59:04","date_gmt":"2025-07-29T17:59:04","guid":{"rendered":"https:\/\/www.addonflow.com\/?page_id=1248"},"modified":"2025-09-26T18:53:29","modified_gmt":"2025-09-26T16:53:29","slug":"legal-notice-imprint","status":"publish","type":"page","link":"https:\/\/www.addonflow.com\/de\/legal-notice-imprint\/","title":{"rendered":"Rechtliche Hinweise \/ Impressum"},"content":{"rendered":"<figure class=\"wp-block-image size-full\"><img decoding=\"async\" width=\"169\" height=\"166\" src=\"https:\/\/www.addonflow.com\/app\/uploads\/2025\/07\/AdressLabel2.png\" alt=\"\" class=\"wp-image-1251\"\/><\/figure>\n\n\n\n<p><strong>Kontakt:<\/strong><br>E-Mail: <a href=\"mailto:info@addonflow.com\">info@addonflow.com<\/a><br>Website: <a class=\"\" href=\"https:\/\/www.addonflow.com\/de\/\">https:\/\/www.addonflow.com<\/a><br><br><strong>Verantwortlich f\u00fcr den Inhalt<\/strong>t<\/p>\n\n\n\n<figure class=\"wp-block-image size-full\"><img decoding=\"async\" width=\"169\" height=\"166\" src=\"https:\/\/www.addonflow.com\/app\/uploads\/2025\/07\/AdressLabel2.png\" alt=\"\" class=\"wp-image-1251\"\/><\/figure>\n\n\n\n<p><strong>Beilegung von Streitigkeiten:<\/strong><br>Die Europ\u00e4ische Kommission bietet eine Plattform zur Online-Streitbeilegung an:<br><a>https:\/\/ec.europa.eu\/consumers\/odr<\/a><br>Wir sind nicht verpflichtet und nicht bereit, an einem Streitbeilegungsverfahren vor einer Verbraucherschlichtungsstelle teilzunehmen.<\/p>\n\n\n\n<p><strong>Copyright-Hinweis:<\/strong><br>Der gesamte Inhalt dieser Website ist urheberrechtlich gesch\u00fctzt. Die Vervielf\u00e4ltigung oder Verbreitung bedarf der vorherigen schriftlichen Genehmigung.<\/p>\n\n\n\n<p><strong>Haftungsausschluss:<\/strong><br>Trotz sorgf\u00e4ltiger inhaltlicher Kontrolle \u00fcbernehmen wir keine Haftung f\u00fcr die Inhalte externer Links. F\u00fcr den Inhalt der verlinkten Seiten sind ausschlie\u00dflich deren Betreiber verantwortlich.<\/p>","protected":false},"excerpt":{"rendered":"<p>Contact:Email: info@addonflow.comWebsite: https:\/\/www.addonflow.com Responsible for Content Dispute Resolution:The European Commission offers a platform for online dispute resolution:https:\/\/ec.europa.eu\/consumers\/odrWe are not obliged and not willing to participate in a dispute resolution procedure before a consumer arbitration board. Copyright Notice:All content on this&hellip;<\/p>","protected":false},"author":1,"featured_media":0,"parent":0,"menu_order":0,"comment_status":"closed","ping_status":"closed","template":"","meta":{"footnotes":""},"class_list":["post-1248","page","type-page","status-publish","hentry"],"_links":{"self":[{"href":"https:\/\/www.addonflow.com\/de\/wp-json\/wp\/v2\/pages\/1248","targetHints":{"allow":["GET"]}}],"collection":[{"href":"https:\/\/www.addonflow.com\/de\/wp-json\/wp\/v2\/pages"}],"about":[{"href":"https:\/\/www.addonflow.com\/de\/wp-json\/wp\/v2\/types\/page"}],"author":[{"embeddable":true,"href":"https:\/\/www.addonflow.com\/de\/wp-json\/wp\/v2\/users\/1"}],"replies":[{"embeddable":true,"href":"https:\/\/www.addonflow.com\/de\/wp-json\/wp\/v2\/comments?post=1248"}],"version-history":[{"count":2,"href":"https:\/\/www.addonflow.com\/de\/wp-json\/wp\/v2\/pages\/1248\/revisions"}],"predecessor-version":[{"id":1488,"href":"https:\/\/www.addonflow.com\/de\/wp-json\/wp\/v2\/pages\/1248\/revisions\/1488"}],"wp:attachment":[{"href":"https:\/\/www.addonflow.com\/de\/wp-json\/wp\/v2\/media?parent=1248"}],"curies":[{"name":"wp","href":"https:\/\/api.w.org\/{rel}","templated":true}]}}