{"id":1194,"date":"2025-07-29T19:04:56","date_gmt":"2025-07-29T17:04:56","guid":{"rendered":"https:\/\/www.addonflow.com\/?page_id=1194"},"modified":"2025-09-24T03:33:25","modified_gmt":"2025-09-24T01:33:25","slug":"ai-chatbot-module","status":"publish","type":"page","link":"https:\/\/www.addonflow.com\/de\/ai-chatbot-module\/","title":{"rendered":"KI Chatbot"},"content":{"rendered":"<p><strong>Integration eines intelligenten Assistenten f\u00fcr die Znuny-Ticket-Schnittstelle<\/strong><\/p>\n\n\n\n<h2 class=\"wp-block-heading\">\u00dcbersicht<\/h2>\n\n\n\n<p>Das Modul \u201eAI Chatbot\u201c integriert nahtlos externe KI-Chatbot-Dienste direkt in die Znuny-Ticketansicht und bietet Agenten bei der Bearbeitung von Kundentickets sofortigen Zugriff auf intelligente Unterst\u00fctzung. Dieses Modul bettet Chatbot-Widgets von f\u00fchrenden Anbietern ein und bietet kontextbezogene Unterst\u00fctzung und Anleitung direkt innerhalb der vertrauten Ticketoberfl\u00e4che.<\/p>\n\n\n\n<figure class=\"wp-block-image size-full\"><img fetchpriority=\"high\" decoding=\"async\" width=\"591\" height=\"826\" src=\"https:\/\/www.addonflow.com\/app\/uploads\/2025\/07\/Screenshot_20250729_221621.png\" alt=\"\" class=\"wp-image-1309\" srcset=\"https:\/\/www.addonflow.com\/app\/uploads\/2025\/07\/Screenshot_20250729_221621.png 591w, https:\/\/www.addonflow.com\/app\/uploads\/2025\/07\/Screenshot_20250729_221621-215x300.png 215w\" sizes=\"(max-width: 591px) 100vw, 591px\" \/><\/figure>\n\n\n\n<h2 class=\"wp-block-heading\">Wesentliche Merkmale<\/h2>\n\n\n\n<h3 class=\"wp-block-heading\">\ud83e\udd16 <strong>Multi-Provider-Unterst\u00fctzung<\/strong><\/h3>\n\n\n\n<ul class=\"wp-block-list\">\n<li>Kompatibel mit ChatData- und Chatbase-Plattformen<\/li>\n\n\n\n<li>Einfacher Providerwechsel durch Konfiguration<\/li>\n\n\n\n<li>Anbieterspezifische Optimierungseinstellungen<\/li>\n\n\n\n<li>Flexible Integration von Einbettungscodes<\/li>\n<\/ul>\n\n\n\n<h3 class=\"wp-block-heading\">\ud83c\udfaf <strong>Nahtlose Integration<\/strong><\/h3>\n\n\n\n<ul class=\"wp-block-list\">\n<li>Native Einbettung in das AgentTicketZoom-Interface<\/li>\n\n\n\n<li>Keine zus\u00e4tzlichen Fenster oder externe Navigation<\/li>\n\n\n\n<li>Kontextbezogene Unterst\u00fctzung im Ticket-Workflow<\/li>\n\n\n\n<li>Bewahrte Znuny-Benutzererfahrung<\/li>\n<\/ul>\n\n\n\n<h3 class=\"wp-block-heading\">\ud83d\udd12 <strong>Sicherheit und Kontrolle<\/strong><\/h3>\n\n\n\n<ul class=\"wp-block-list\">\n<li>Sichere Handhabung der Content Security Policy<\/li>\n\n\n\n<li>Berechtigungsbasierte Zugriffskontrolle<\/li>\n\n\n\n<li>Queuebasierte Anzeigeoptionen<\/li>\n\n\n\n<li>Gruppenbasierte Benutzerbeschr\u00e4nkungen<\/li>\n<\/ul>\n\n\n\n<h3 class=\"wp-block-heading\">\u2699\ufe0f <strong>Flexible Konfiguration<\/strong><\/h3>\n\n\n\n<ul class=\"wp-block-list\">\n<li>Einfache Einrichtung des Einbettungscodes<\/li>\n\n\n\n<li>Benutzerdefinierte CSS-Stylingoptionen<\/li>\n\n\n\n<li>Diagnosemodus f\u00fcr die Fehlersuche<\/li>\n\n\n\n<li>Schwarze Liste in der Warteschlange<\/li>\n<\/ul>\n\n\n\n<h2 class=\"wp-block-heading\">Kernfunktionen<\/h2>\n\n\n\n<p><strong>ChatData-Integration<\/strong><\/p>\n\n\n\n<ul class=\"wp-block-list\">\n<li>Direkte Einbettung von ChatData-Chatbot-Widgets<\/li>\n\n\n\n<li>Benutzerdefinierte Styling- und Positionierungsoptionen<\/li>\n\n\n\n<li>Konversationsm\u00f6glichkeiten in Echtzeit<\/li>\n<\/ul>\n\n\n\n<p><strong>Chatbase-Integration<\/strong><\/p>\n\n\n\n<ul class=\"wp-block-list\">\n<li>Native Chatbase-Widget-Einbettung<\/li>\n\n\n\n<li>Anpassbares Aussehen und Verhalten<\/li>\n\n\n\n<li>Nahtlose Benutzerinteraktion<\/li>\n<\/ul>\n\n\n\n<h2 class=\"wp-block-heading\">Anwendungsf\u00e4lle<\/h2>\n\n\n\n<p><strong>Support-Mitarbeiter<\/strong><\/p>\n\n\n\n<ul class=\"wp-block-list\">\n<li>Sofortige Beratung bei komplexen technischen Fragen<\/li>\n\n\n\n<li>Schneller Zugriff auf Informationen der eingespeisten Wissensdatenbank<\/li>\n\n\n\n<li>Sie erhalten Vorschl\u00e4ge f\u00fcr allgemeine Probleme<\/li>\n\n\n\n<li>Verbesserung der Probleml\u00f6sungsf\u00e4higkeiten<\/li>\n<\/ul>\n\n\n\n<p><strong>TeamleiterInnen<\/strong><\/p>\n\n\n\n<ul class=\"wp-block-list\">\n<li>Bereitstellung konsistenter Unterst\u00fctzungsanleitungen f\u00fcr alle Teams<\/li>\n\n\n\n<li>Verringerung des Eskalationsbedarfs durch KI-Unterst\u00fctzung<\/li>\n\n\n\n<li>Aufrechterhaltung von Qualit\u00e4tsstandards mit KI-Empfehlungen<\/li>\n\n\n\n<li>Ausbildung und Entwicklung von Support-Mitarbeitern unterst\u00fctzen<\/li>\n<\/ul>\n\n\n\n<p><strong>Support Teams<\/strong><\/p>\n\n\n\n<ul class=\"wp-block-list\">\n<li>Sofortiger Zugriff auf technisches Fachwissen<\/li>\n\n\n\n<li>Schritt-f\u00fcr-Schritt-Anleitung zur Fehlersuche<\/li>\n\n\n\n<li>Erhalten Sie produktspezifische Informationen<\/li>\n\n\n\n<li>Verbesserung der L\u00f6sungsquote beim ersten Anruf<\/li>\n<\/ul>\n\n\n\n<p><strong>Kundendienst-Organisationen<\/strong><\/p>\n\n\n\n<ul class=\"wp-block-list\">\n<li>Verbessern Sie die Reaktionsgenauigkeit mit KI-Anleitungen<\/li>\n\n\n\n<li>Verk\u00fcrzung der Einarbeitungszeit f\u00fcr neue Mitarbeiter<\/li>\n\n\n\n<li>Aufrechterhaltung der Konsistenz \u00fcber verschiedene Schichten hinweg<\/li>\n\n\n\n<li>Verbesserung der allgemeinen Dienstleistungsqualit\u00e4t<\/li>\n<\/ul>\n\n\n\n<h2 class=\"wp-block-heading\">Technische Highlights<\/h2>\n\n\n\n<ul class=\"wp-block-list\">\n<li><strong>Sichere Einbettung<\/strong>: Sichere Integration mit Einhaltung der Content Security Policy<\/li>\n\n\n\n<li><strong>Optimierte Leistung<\/strong>: Effizientes Laden ohne Beeintr\u00e4chtigung der Systemleistung<\/li>\n\n\n\n<li><strong>Zugriffskontrolle<\/strong>: Umfassende Verwaltung von Rechten und Beschr\u00e4nkungen<\/li>\n\n\n\n<li><strong>Diagnostische Werkzeuge<\/strong>: Integrierte \u00dcberwachungs- und Fehlerbehebungsfunktionen<\/li>\n<\/ul>\n\n\n\n<h2 class=\"wp-block-heading\">Vorteile<\/h2>\n\n\n\n<p>\u2705 <strong>Erweiterte Mitarbeiterkapazit\u00e4ten<\/strong> - KI-Hilfe direkt im Ticket-Interface<br>\u2705 <strong>Verbesserte Effizienz<\/strong> - Sofortiger Zugang zu Wissen und Beratung<br>\u2705 <strong>Konsistente Supportqualit\u00e4t<\/strong> - KI-gest\u00fctzte Empfehlungen f\u00fcr alle Agenten<br>\u2705 <strong>Reduzierte Ausbildungszeit<\/strong> - Eingebaute Anleitung f\u00fcr komplexe Szenarien<br>\u2705 <strong>Bessere L\u00f6sung beim ersten Anruf<\/strong> - Verbesserte Probleml\u00f6sungsf\u00e4higkeiten<br>\u2705 <strong>Nahtloser Workflow<\/strong> - Keine Unterbrechung der bestehenden Ticketprozesse<br>\u2705 <strong>Flexibler Einsatz<\/strong> - Konfigurierbar f\u00fcr verschiedene Teams und Warteschlangen<\/p>\n\n\n\n<h2 class=\"wp-block-heading\">Erste Schritte<\/h2>\n\n\n\n<p>Das AI Chatbot-Modul l\u00e4sst sich nahtlos in bestehende Znuny-Installationen integrieren. Konfigurieren Sie einfach den Einbettungscode Ihres bevorzugten Chatbot-Anbieters, legen Sie die entsprechenden Berechtigungen fest, und die Agenten werden das Chatbot-Widget sofort in ihren Ticketansichten sehen.<\/p>\n\n\n\n<p><strong>Perfekt f\u00fcr Unternehmen, die folgende Ziele haben:<\/strong><\/p>\n\n\n\n<ul class=\"wp-block-list\">\n<li>Verbessern Sie die Kapazit\u00e4ten von Support-Mitarbeitern mit KI-Unterst\u00fctzung<\/li>\n\n\n\n<li>Verbesserung der Qualit\u00e4t und Konsistenz des Supports<\/li>\n\n\n\n<li>Verk\u00fcrzung der Schulungs- und Einarbeitungszeit<\/li>\n\n\n\n<li>Bereitstellung von kontextbezogener Hilfe innerhalb bestehender Arbeitsabl\u00e4ufe<\/li>\n\n\n\n<li>Nutzung von externem KI-Know-how bei Support-F\u00e4llen<\/li>\n<\/ul>\n\n\n\n<hr class=\"wp-block-separator has-alpha-channel-opacity\"\/>\n\n\n\n<p><em>Sind Sie bereit, Ihr Support-Team mit KI-Unterst\u00fctzung zu versorgen? Kontaktieren Sie uns, um mehr \u00fcber die Implementierung von KI-Chatbot-Integration in Ihrer Znuny-Umgebung zu erfahren.<\/em><\/p>","protected":false},"excerpt":{"rendered":"<p>Intelligent assistant integration for Znuny ticket interface Overview The AI Chatbot module seamlessly integrates external AI chatbot services directly into the Znuny ticket view, providing agents with instant access to intelligent assistance while working on customer tickets. This module embeds&hellip;<\/p>","protected":false},"author":1,"featured_media":0,"parent":0,"menu_order":0,"comment_status":"closed","ping_status":"closed","template":"","meta":{"footnotes":""},"class_list":["post-1194","page","type-page","status-publish","hentry"],"_links":{"self":[{"href":"https:\/\/www.addonflow.com\/de\/wp-json\/wp\/v2\/pages\/1194","targetHints":{"allow":["GET"]}}],"collection":[{"href":"https:\/\/www.addonflow.com\/de\/wp-json\/wp\/v2\/pages"}],"about":[{"href":"https:\/\/www.addonflow.com\/de\/wp-json\/wp\/v2\/types\/page"}],"author":[{"embeddable":true,"href":"https:\/\/www.addonflow.com\/de\/wp-json\/wp\/v2\/users\/1"}],"replies":[{"embeddable":true,"href":"https:\/\/www.addonflow.com\/de\/wp-json\/wp\/v2\/comments?post=1194"}],"version-history":[{"count":6,"href":"https:\/\/www.addonflow.com\/de\/wp-json\/wp\/v2\/pages\/1194\/revisions"}],"predecessor-version":[{"id":1440,"href":"https:\/\/www.addonflow.com\/de\/wp-json\/wp\/v2\/pages\/1194\/revisions\/1440"}],"wp:attachment":[{"href":"https:\/\/www.addonflow.com\/de\/wp-json\/wp\/v2\/media?parent=1194"}],"curies":[{"name":"wp","href":"https:\/\/api.w.org\/{rel}","templated":true}]}}