{"id":1190,"date":"2025-07-29T18:55:37","date_gmt":"2025-07-29T16:55:37","guid":{"rendered":"https:\/\/www.addonflow.com\/?page_id=1190"},"modified":"2025-09-22T17:14:15","modified_gmt":"2025-09-22T15:14:15","slug":"ai-article-tasks-module","status":"publish","type":"page","link":"https:\/\/www.addonflow.com\/de\/ai-article-tasks-module\/","title":{"rendered":"KI Artikel Aufgaben"},"content":{"rendered":"<p><strong>Intelligente Unterst\u00fctzung der Kundenkommunikation f\u00fcr Znuny-Ticketsysteme<\/strong><\/p>\n\n\n\n<h2 class=\"wp-block-heading\">\u00dcbersicht<\/h2>\n\n\n\n<p>Das Modul \u201eAI Article Tasks\u201c ver\u00e4ndert die Art und Weise, wie Support-Teams die Kundenkommunikation abwickeln, indem es fortschrittliche KI-Funktionen direkt in die Znuny-Ticketoberfl\u00e4che integriert. Dieses leistungsstarke Add-on erm\u00f6glicht es Agenten, mit nur wenigen Klicks kontextbezogene Antworten zu generieren, Ticketinhalte zu analysieren und mehrsprachige Support-Workflows zu optimieren.<\/p>\n\n\n\n<figure class=\"wp-block-image size-large\"><img fetchpriority=\"high\" decoding=\"async\" width=\"1024\" height=\"693\" src=\"https:\/\/www.addonflow.com\/app\/uploads\/2025\/09\/Screenshot_20250922_171345-1024x693.png\" alt=\"\" class=\"wp-image-1384\" srcset=\"https:\/\/www.addonflow.com\/app\/uploads\/2025\/09\/Screenshot_20250922_171345-1024x693.png 1024w, https:\/\/www.addonflow.com\/app\/uploads\/2025\/09\/Screenshot_20250922_171345-300x203.png 300w, https:\/\/www.addonflow.com\/app\/uploads\/2025\/09\/Screenshot_20250922_171345-768x520.png 768w, https:\/\/www.addonflow.com\/app\/uploads\/2025\/09\/Screenshot_20250922_171345.png 1289w\" sizes=\"(max-width: 1024px) 100vw, 1024px\" \/><\/figure>\n\n\n\n<figure class=\"wp-block-image size-large\"><img decoding=\"async\" width=\"1024\" height=\"646\" src=\"https:\/\/www.addonflow.com\/app\/uploads\/2025\/09\/Screenshot_20250922_170924-1024x646.png\" alt=\"\" class=\"wp-image-1382\" srcset=\"https:\/\/www.addonflow.com\/app\/uploads\/2025\/09\/Screenshot_20250922_170924-1024x646.png 1024w, https:\/\/www.addonflow.com\/app\/uploads\/2025\/09\/Screenshot_20250922_170924-300x189.png 300w, https:\/\/www.addonflow.com\/app\/uploads\/2025\/09\/Screenshot_20250922_170924-768x484.png 768w, https:\/\/www.addonflow.com\/app\/uploads\/2025\/09\/Screenshot_20250922_170924-1536x968.png 1536w, https:\/\/www.addonflow.com\/app\/uploads\/2025\/09\/Screenshot_20250922_170924.png 1564w\" sizes=\"(max-width: 1024px) 100vw, 1024px\" \/><\/figure>\n\n\n\n<figure class=\"wp-block-image size-large\"><img decoding=\"async\" width=\"1024\" height=\"609\" src=\"https:\/\/www.addonflow.com\/app\/uploads\/2025\/09\/Screenshot_20250922_170755-1024x609.png\" alt=\"\" class=\"wp-image-1380\" srcset=\"https:\/\/www.addonflow.com\/app\/uploads\/2025\/09\/Screenshot_20250922_170755-1024x609.png 1024w, https:\/\/www.addonflow.com\/app\/uploads\/2025\/09\/Screenshot_20250922_170755-300x179.png 300w, https:\/\/www.addonflow.com\/app\/uploads\/2025\/09\/Screenshot_20250922_170755-768x457.png 768w, https:\/\/www.addonflow.com\/app\/uploads\/2025\/09\/Screenshot_20250922_170755-1536x914.png 1536w, https:\/\/www.addonflow.com\/app\/uploads\/2025\/09\/Screenshot_20250922_170755.png 1630w\" sizes=\"(max-width: 1024px) 100vw, 1024px\" \/><\/figure>\n\n\n\n<figure class=\"wp-block-image size-large\"><img loading=\"lazy\" decoding=\"async\" width=\"1024\" height=\"722\" src=\"https:\/\/www.addonflow.com\/app\/uploads\/2025\/09\/Screenshot_20250922_170948-1024x722.png\" alt=\"\" class=\"wp-image-1381\" srcset=\"https:\/\/www.addonflow.com\/app\/uploads\/2025\/09\/Screenshot_20250922_170948-1024x722.png 1024w, https:\/\/www.addonflow.com\/app\/uploads\/2025\/09\/Screenshot_20250922_170948-300x211.png 300w, https:\/\/www.addonflow.com\/app\/uploads\/2025\/09\/Screenshot_20250922_170948-768x541.png 768w, https:\/\/www.addonflow.com\/app\/uploads\/2025\/09\/Screenshot_20250922_170948-1536x1083.png 1536w, https:\/\/www.addonflow.com\/app\/uploads\/2025\/09\/Screenshot_20250922_170948.png 1565w\" sizes=\"(max-width: 1024px) 100vw, 1024px\" \/><\/figure>\n\n\n\n<h2 class=\"wp-block-heading\">Wesentliche Merkmale<\/h2>\n\n\n\n<h3 class=\"wp-block-heading\">\ud83d\ude80 <strong>Intelligente Antwortgenerierung<\/strong><\/h3>\n\n\n\n<ul class=\"wp-block-list\">\n<li>Generieren Sie professionelle Kundenantworten auf Basis des Ticketinhalts<\/li>\n\n\n\n<li>Kontextabh\u00e4ngige Antworten, die den gesamten Ticketverlauf ber\u00fccksichtigen<\/li>\n\n\n\n<li>Anpassbare Antwortvorlagen und Stile<\/li>\n\n\n\n<li>Direkte Integration mit dem Kompositionsfenster von Znuny<\/li>\n<\/ul>\n\n\n\n<h3 class=\"wp-block-heading\">\ud83c\udf0d <strong>Mehrsprachige Unterst\u00fctzung<\/strong><\/h3>\n\n\n\n<ul class=\"wp-block-list\">\n<li>Bi-direktionale \u00dcbersetzungsm\u00f6glichkeiten<\/li>\n\n\n\n<li>\u00dcbersetzung von Dokumenten f\u00fcr Anh\u00e4nge und Artikel<\/li>\n\n\n\n<li>Automatische Spracherkennung und Antwortformatierung<\/li>\n\n\n\n<li>Unterst\u00fctzung f\u00fcr mehrere Sprachpaare<\/li>\n<\/ul>\n\n\n\n<h3 class=\"wp-block-heading\">\ud83c\udfaf <strong>Interaktive KI-Prompts<\/strong><\/h3>\n\n\n\n<ul class=\"wp-block-list\">\n<li>Benutzerdefinierte Promps f\u00fcr spezifische Analyseanforderungen<\/li>\n\n\n\n<li>Quick-Prompts f\u00fcr allgemeine Aufgaben<\/li>\n\n\n\n<li>Vorschau- und Revisionssystem f\u00fcr KI-Antworten<\/li>\n\n\n\n<li>Zeichenz\u00e4hlung und -validierung in Echtzeit<\/li>\n<\/ul>\n\n\n\n<h3 class=\"wp-block-heading\">\ud83d\udcca <strong>Erweiterte Kontextanalyse<\/strong><\/h3>\n\n\n\n<ul class=\"wp-block-list\">\n<li>Vollst\u00e4ndige Integration des Ticketverlaufs<\/li>\n\n\n\n<li>Erstellung einer technischen Zusammenfassung<\/li>\n\n\n\n<li>Erstellung von L\u00f6sungsvorschl\u00e4gen<\/li>\n\n\n\n<li>Intelligente Priorisierung von Inhalten<\/li>\n<\/ul>\n\n\n\n<h3 class=\"wp-block-heading\">\u26a1 <strong>Unterst\u00fctzung mehrerer KI-Anbieter<\/strong><\/h3>\n\n\n\n<ul class=\"wp-block-list\">\n<li>Kompatibel mit ChatGPT, ChatData und Chatbase<\/li>\n\n\n\n<li>Flexible API-Konfiguration<\/li>\n\n\n\n<li>Anbieterspezifische Optimierungseinstellungen<\/li>\n\n\n\n<li>Automatische Failover-Funktionen<\/li>\n<\/ul>\n\n\n\n<h3 class=\"wp-block-heading\">\ud83c\udfa8 <strong>Moderne Benutzeroberfl\u00e4che<\/strong><\/h3>\n\n\n\n<ul class=\"wp-block-list\">\n<li>\u00dcbersichtliche, intuitive Dropdown-Men\u00fcs in der Ticketansicht<\/li>\n\n\n\n<li>Responsive Dialogfelder mit Themenunterst\u00fctzung<\/li>\n\n\n\n<li>Indikatoren f\u00fcr fortschreitende Belastung<\/li>\n\n\n\n<li>Nahtlose Integration von CKEditor<\/li>\n<\/ul>\n\n\n\n<h2 class=\"wp-block-heading\">Anwendungsf\u00e4lle<\/h2>\n\n\n\n<p><strong>Kundensupport-Teams<\/strong><\/p>\n\n\n\n<ul class=\"wp-block-list\">\n<li>Schnelles Verfassen professioneller Antworten auf technische Anfragen<\/li>\n\n\n\n<li>\u00dcbersetzen der Kommunikation f\u00fcr internationale Kunden<\/li>\n\n\n\n<li>Erstellung von Zusammenfassungen komplexer Ticket-Threads<\/li>\n\n\n\n<li>Erstellung von L\u00f6sungsvorschl\u00e4gen auf der Grundlage des Ticketverlaufs<\/li>\n<\/ul>\n\n\n\n<p><strong>Mehrsprachige Organisationen<\/strong><\/p>\n\n\n\n<ul class=\"wp-block-list\">\n<li>Bearbeitung von Supportanfragen in mehreren Sprachen<\/li>\n\n\n\n<li>Konsistente Antwortqualit\u00e4t \u00fcber Sprachbarrieren hinweg<\/li>\n\n\n\n<li>Reduzieren Sie Zeit und Kosten f\u00fcr die \u00dcbersetzung<\/li>\n\n\n\n<li>Sicherstellung einer korrekten technischen Terminologie<\/li>\n<\/ul>\n\n\n\n<p><strong>Gro\u00dfvolumige Support-Zentren<\/strong><\/p>\n\n\n\n<ul class=\"wp-block-list\">\n<li>Beschleunigung der Reaktionszeiten mit KI-gest\u00fctztem Zeichnen<\/li>\n\n\n\n<li>Aufrechterhaltung von Qualit\u00e4tsstandards f\u00fcr alle Agenten<\/li>\n\n\n\n<li>Verk\u00fcrzung der Einarbeitungszeit f\u00fcr neue Teammitglieder<\/li>\n\n\n\n<li>Effizientere Bew\u00e4ltigung von Lastspitzen<\/li>\n<\/ul>\n\n\n\n<h2 class=\"wp-block-heading\">Technische Highlights<\/h2>\n\n\n\n<ul class=\"wp-block-list\">\n<li><strong>Nahtlose Integration<\/strong>: Natives Znuny-Modul ohne externe Abh\u00e4ngigkeiten<\/li>\n\n\n\n<li><strong>Sicherheit geht vor<\/strong>: Konfigurierbare Queue Blacklist und Benutzerberechtigungen<\/li>\n\n\n\n<li><strong>Skalierbare Architektur<\/strong>: Optimiert f\u00fcr hochvolumige Umgebungen<\/li>\n\n\n\n<li><strong>Diagnostische Werkzeuge<\/strong>: Integrierte \u00dcberwachung und Leistungsverfolgung<\/li>\n\n\n\n<li><strong>Flexible Konfiguration<\/strong>: Umfangreiche Anpassungsm\u00f6glichkeiten \u00fcber SysConfig<\/li>\n<\/ul>\n\n\n\n<h2 class=\"wp-block-heading\">Vorteile<\/h2>\n\n\n\n<p>\u2705 <strong>Gesteigerte Produktivit\u00e4t<\/strong> - Verk\u00fcrzung der Reaktionszeit um bis zu 70%<br>\u2705 <strong>Verbesserte Qualit\u00e4t<\/strong> - Konsistenter, professioneller Umgangston<br>\u2705 <strong>Erh\u00f6hte Genauigkeit<\/strong> - Kontextabh\u00e4ngige Antworten verringern Missverst\u00e4ndnisse<br>\u2705 <strong>Kosteneffizienz<\/strong> - Geringere Schulungskosten und schnelleres Onboarding<br>\u2705 <strong>Globale Reichweite<\/strong> - Sprachbarrieren m\u00fchelos \u00fcberwinden<br>\u2705 <strong>Team-Zufriedenheit<\/strong> - Verringerung sich wiederholender Aufgaben, Konzentration auf komplexe Themen<\/p>\n\n\n\n<h2 class=\"wp-block-heading\">Erste Schritte<\/h2>\n\n\n\n<p>Das Modul \u201eAI Article Tasks\u201c l\u00e4sst sich nahtlos in bestehende Znuny-Installationen integrieren. Nach der Konfiguration mit Ihrem bevorzugten KI-Anbieter k\u00f6nnen Agenten sofort auf KI-gest\u00fctzte Funktionen \u00fcber vertraute Elemente der Ticketoberfl\u00e4che zugreifen.<\/p>\n\n\n\n<p><strong>Perfekt f\u00fcr Unternehmen, die folgende Ziele haben:<\/strong><\/p>\n\n\n\n<ul class=\"wp-block-list\">\n<li>Modernisierung des Kundensupports<\/li>\n\n\n\n<li>Verbesserung der Reaktionszeiten ohne Qualit\u00e4tseinbu\u00dfen<\/li>\n\n\n\n<li>Bessere Unterst\u00fctzung internationaler Kunden<\/li>\n\n\n\n<li>Nutzung von KI-Technologie in bestehenden Arbeitsabl\u00e4ufen<\/li>\n<\/ul>\n\n\n\n<hr class=\"wp-block-separator has-alpha-channel-opacity\"\/>\n\n\n\n<p><em>Sind Sie bereit, Ihr Kundensupport-Erlebnis zu ver\u00e4ndern? Kontaktieren Sie uns, um mehr \u00fcber die Implementierung von AI Article Tasks in Ihrer Znuny-Umgebung zu erfahren.<\/em><\/p>","protected":false},"excerpt":{"rendered":"<p>Intelligent customer communication assistance for Znuny ticketing systems Overview The AI Article Tasks module transforms how support teams handle customer communications by integrating advanced AI capabilities directly into the Znuny ticket interface. This powerful add-on enables agents to generate contextual&hellip;<\/p>","protected":false},"author":1,"featured_media":0,"parent":0,"menu_order":0,"comment_status":"closed","ping_status":"closed","template":"","meta":{"footnotes":""},"class_list":["post-1190","page","type-page","status-publish","hentry"],"_links":{"self":[{"href":"https:\/\/www.addonflow.com\/de\/wp-json\/wp\/v2\/pages\/1190","targetHints":{"allow":["GET"]}}],"collection":[{"href":"https:\/\/www.addonflow.com\/de\/wp-json\/wp\/v2\/pages"}],"about":[{"href":"https:\/\/www.addonflow.com\/de\/wp-json\/wp\/v2\/types\/page"}],"author":[{"embeddable":true,"href":"https:\/\/www.addonflow.com\/de\/wp-json\/wp\/v2\/users\/1"}],"replies":[{"embeddable":true,"href":"https:\/\/www.addonflow.com\/de\/wp-json\/wp\/v2\/comments?post=1190"}],"version-history":[{"count":4,"href":"https:\/\/www.addonflow.com\/de\/wp-json\/wp\/v2\/pages\/1190\/revisions"}],"predecessor-version":[{"id":1385,"href":"https:\/\/www.addonflow.com\/de\/wp-json\/wp\/v2\/pages\/1190\/revisions\/1385"}],"wp:attachment":[{"href":"https:\/\/www.addonflow.com\/de\/wp-json\/wp\/v2\/media?parent=1190"}],"curies":[{"name":"wp","href":"https:\/\/api.w.org\/{rel}","templated":true}]}}