{"id":1180,"date":"2025-07-29T18:44:40","date_gmt":"2025-07-29T16:44:40","guid":{"rendered":"https:\/\/www.addonflow.com\/?page_id=1180"},"modified":"2025-07-29T22:10:48","modified_gmt":"2025-07-29T20:10:48","slug":"zaiqgen-faq-generator-module","status":"publish","type":"page","link":"https:\/\/www.addonflow.com\/de\/zaiqgen-faq-generator-module\/","title":{"rendered":"KI FAQ Generator"},"content":{"rendered":"<h2 class=\"wp-block-heading\">Automatisierte FAQ-Erstellung aus Support-Tickets<\/h2>\n\n\n\n<p>Das Modul \u201eZaiQGen\u201c wandelt gel\u00f6ste Support-Tickets automatisch in strukturierte FAQ-Artikel um. Durch die Analyse von Ticketkonversationen und die Extraktion von Keywords baut dieses Modul eine umfassende Wissensdatenbank auf, die mit jedem gel\u00f6sten Problem w\u00e4chst.<\/p>\n\n\n\n<figure class=\"wp-block-image size-full\"><img fetchpriority=\"high\" decoding=\"async\" width=\"535\" height=\"170\" src=\"https:\/\/www.addonflow.com\/app\/uploads\/2025\/07\/Screenshot_20250729_221014.png\" alt=\"\" class=\"wp-image-1301\" srcset=\"https:\/\/www.addonflow.com\/app\/uploads\/2025\/07\/Screenshot_20250729_221014.png 535w, https:\/\/www.addonflow.com\/app\/uploads\/2025\/07\/Screenshot_20250729_221014-300x95.png 300w\" sizes=\"(max-width: 535px) 100vw, 535px\" \/><\/figure>\n\n\n\n<figure class=\"wp-block-image size-large\"><img decoding=\"async\" width=\"1024\" height=\"448\" src=\"https:\/\/www.addonflow.com\/app\/uploads\/2025\/07\/Screenshot_20250729_220554-1024x448.png\" alt=\"\" class=\"wp-image-1303\" srcset=\"https:\/\/www.addonflow.com\/app\/uploads\/2025\/07\/Screenshot_20250729_220554-1024x448.png 1024w, https:\/\/www.addonflow.com\/app\/uploads\/2025\/07\/Screenshot_20250729_220554-300x131.png 300w, https:\/\/www.addonflow.com\/app\/uploads\/2025\/07\/Screenshot_20250729_220554-768x336.png 768w, https:\/\/www.addonflow.com\/app\/uploads\/2025\/07\/Screenshot_20250729_220554.png 1514w\" sizes=\"(max-width: 1024px) 100vw, 1024px\" \/><\/figure>\n\n\n\n<h2 class=\"wp-block-heading\">Wesentliche Merkmale<\/h2>\n\n\n\n<h3 class=\"wp-block-heading\">\ud83e\udd16 <strong>Intelligente FAQ-Erstellung<\/strong><\/h3>\n\n\n\n<ul class=\"wp-block-list\">\n<li><strong>Automatisierte Extraktion von Inhalten<\/strong>: Analysiert den Ticketverlauf, um strukturierte FAQ-Artikel zu erstellen<\/li>\n\n\n\n<li><strong>Mehrsprachige Unterst\u00fctzung<\/strong>: Generiert FAQs in \u00fcber 40 Sprachen<\/li>\n\n\n\n<li><strong>Smart Field Mapping<\/strong>: Erstellt FAQs mit Titel, Symptom, Problem, L\u00f6sung und Schl\u00fcsselw\u00f6rtern<\/li>\n\n\n\n<li><strong>JSON-strukturierte Ausgabe<\/strong>: Sorgt f\u00fcr konsistente, gut formatierte FAQ-Artikel<\/li>\n<\/ul>\n\n\n\n<h3 class=\"wp-block-heading\">\ud83d\udcca <strong>Erweiterte Ticket-Analyse<\/strong><\/h3>\n\n\n\n<ul class=\"wp-block-list\">\n<li><strong>Vollst\u00e4ndige Konversationsverarbeitung<\/strong>: Analysiert die gesamte Ticket-Kommunikation<\/li>\n\n\n\n<li><strong>Integration dynamischer Felder<\/strong>: Einschlie\u00dflich benutzerdefinierter Ticketfelder bei der FAQ-Erstellung<\/li>\n\n\n\n<li><strong>Priorit\u00e4tsabh\u00e4ngige Verarbeitung<\/strong>: Behandelt als wichtig markierte Artikel mit Priorit\u00e4t<\/li>\n\n\n\n<li><strong>Filterung von doppeltem Inhalt<\/strong>: Entfernt automatisch \u00fcberfl\u00fcssige Informationen<\/li>\n<\/ul>\n\n\n\n<h3 class=\"wp-block-heading\">\ud83d\udd17 <strong>Nahtlose Integration<\/strong><\/h3>\n\n\n\n<ul class=\"wp-block-list\">\n<li><strong>Automatische Kategorieverwaltung<\/strong>: Erstellen und Verwalten von FAQ-Kategorien<\/li>\n\n\n\n<li><strong>Ticket-Verkn\u00fcpfung<\/strong>: Optionale Verkn\u00fcpfung der generierten FAQs mit den Ausgangstickets<\/li>\n\n\n\n<li><strong>Gruppenberechtigungen<\/strong>: Konfigurierbarer Gruppenzugriff f\u00fcr FAQ-Kategorien<\/li>\n\n\n\n<li><strong>Freigabe-Workflow<\/strong>: Unterst\u00fctzt sowohl direkte Ver\u00f6ffentlichung als auch Genehmigungsverfahren<\/li>\n<\/ul>\n\n\n\n<h3 class=\"wp-block-heading\">\ud83c\udfaf <strong>Multi-Provider KI-Unterst\u00fctzung<\/strong><\/h3>\n\n\n\n<ul class=\"wp-block-list\">\n<li><strong>Flexibilit\u00e4t der Anbieter<\/strong>: W\u00e4hlen Sie zwischen ChatGPT, Chatbase, oder ChatData<\/li>\n\n\n\n<li><strong>Modellauswahl<\/strong>: Unterst\u00fctzung f\u00fcr verschiedene KI-Modelle (GPT-4, Claude, Gemini)<\/li>\n\n\n\n<li><strong>Optimierte Verarbeitung<\/strong>: Anbieterspezifische Konfiguration f\u00fcr beste Ergebnisse<\/li>\n<\/ul>\n\n\n\n<h3 class=\"wp-block-heading\">\u2699\ufe0f <strong>Flexible Konfiguration<\/strong><\/h3>\n\n\n\n<ul class=\"wp-block-list\">\n<li><strong>Zeichenbegrenzungen<\/strong>: Getrennte Grenzen f\u00fcr Gesamtinhalt, Artikel und dynamische Felder<\/li>\n\n\n\n<li><strong>Auswahl der Sprache<\/strong>: Konfigurieren Sie die Zielsprache f\u00fcr alle generierten FAQs<\/li>\n\n\n\n<li><strong>Status Management<\/strong>: Kontrolle der FAQ-Sichtbarkeit (intern, extern, \u00f6ffentlich)<\/li>\n\n\n\n<li><strong>Inhalt Typ<\/strong>: Unterst\u00fctzung f\u00fcr einfachen Text oder HTML FAQ-Inhalt<\/li>\n<\/ul>\n\n\n\n<h3 class=\"wp-block-heading\">\ud83d\udcc8 <strong>Leistungsmerkmale<\/strong><\/h3>\n\n\n\n<ul class=\"wp-block-list\">\n<li><strong>Heuristische Verarbeitung<\/strong>: Intelligente Auswahl von Inhalten f\u00fcr gro\u00dfe Tickets<\/li>\n\n\n\n<li><strong>Tracking der Effizienz<\/strong>: \u00dcberwachung der prozentualen Effizienz der Erstellung<\/li>\n\n\n\n<li><strong>Konfigurierbare Timeouts<\/strong>: Bearbeitungszeit f\u00fcr komplexe Tickets anpassen<\/li>\n\n\n\n<li><strong>UTF-8-Unterst\u00fctzung<\/strong>: Volle Unterst\u00fctzung f\u00fcr internationale Zeichen und Emojis<\/li>\n<\/ul>\n\n\n\n<h3 class=\"wp-block-heading\">\ud83d\udd0d <strong>Operative Einblicke<\/strong><\/h3>\n\n\n\n<ul class=\"wp-block-list\">\n<li><strong>Verarbeitungsmodus Anzeige<\/strong>: Zeigt an, ob eine heuristische oder eine vollst\u00e4ndige Analyse verwendet wurde.<\/li>\n\n\n\n<li><strong>Artikelverfolgung<\/strong>: Listet auf, welche Ticketartikel analysiert wurden<\/li>\n\n\n\n<li><strong>Zeichenverwendung<\/strong>: Detaillierte Aufschl\u00fcsselung des Inhalts<\/li>\n\n\n\n<li><strong>Leistungsmetriken<\/strong>: Verfolgt Effizienz und Verarbeitungsstatistiken<\/li>\n<\/ul>\n\n\n\n<h3 class=\"wp-block-heading\">\ud83d\udee0\ufe0f <strong>Diagnostische F\u00e4higkeiten<\/strong><\/h3>\n\n\n\n<ul class=\"wp-block-list\">\n<li><strong>Diagnosemodus<\/strong>: Optionale detaillierte Protokollierung von API-Interaktionen<\/li>\n\n\n\n<li><strong>Anfrage\/Antwort-Protokollierung<\/strong>: Vollst\u00e4ndige Verfolgung der API-Kommunikation<\/li>\n\n\n\n<li><strong>Fehlerberichterstattung<\/strong>: Umfassende Fehlermeldungen f\u00fcr die Fehlersuche<\/li>\n\n\n\n<li><strong>Leistungs\u00fcberwachung<\/strong>: Bearbeitungszeiten und Engp\u00e4sse verfolgen<\/li>\n<\/ul>\n\n\n\n<h2 class=\"wp-block-heading\">Konfigurationsoptionen<\/h2>\n\n\n\n<h3 class=\"wp-block-heading\">FAQ Einstellungen<\/h3>\n\n\n\n<ul class=\"wp-block-list\">\n<li><strong>Kategorie Name<\/strong>: Definieren Sie die FAQ-Kategorie f\u00fcr generierte Artikel<\/li>\n\n\n\n<li><strong>Gruppenberechtigungen<\/strong>: Zugriffsrechte f\u00fcr FAQ-Kategorien festlegen<\/li>\n\n\n\n<li><strong>Freigabe-Modus<\/strong>: W\u00e4hlen Sie zwischen direkter Ver\u00f6ffentlichung oder Genehmigungsworkflow<\/li>\n\n\n\n<li><strong>Sprache<\/strong>: Auswahl der Zielsprache f\u00fcr die FAQ-Erstellung<\/li>\n\n\n\n<li><strong>Staat<\/strong>: Konfigurieren Sie die Sichtbarkeit der FAQ (intern, extern, \u00f6ffentlich)<\/li>\n<\/ul>\n\n\n\n<h3 class=\"wp-block-heading\">Inhaltliche Verarbeitung<\/h3>\n\n\n\n<ul class=\"wp-block-list\">\n<li><strong>Dynamische Felder<\/strong>: W\u00e4hlen Sie aus, welche Ticketfelder einbezogen werden sollen<\/li>\n\n\n\n<li><strong>Zeichenbegrenzungen<\/strong>: Konfigurieren Sie Grenzen f\u00fcr eine optimale API-Nutzung<\/li>\n\n\n\n<li><strong>Inhaltliche Labels f\u00fcr die KI<\/strong>: Abschnitts\u00fcberschriften anpassen<\/li>\n\n\n\n<li><strong>Filter-Muster<\/strong>: Regeln f\u00fcr die Inhaltsfilterung definieren<\/li>\n<\/ul>\n\n\n\n<h3 class=\"wp-block-heading\">KI-Konfiguration<\/h3>\n\n\n\n<ul class=\"wp-block-list\">\n<li><strong>Auswahl der Anbieter<\/strong>: W\u00e4hlen Sie Ihren bevorzugten KI-Service<\/li>\n\n\n\n<li><strong>Modell Optionen<\/strong>: Geeignetes KI-Modell ausw\u00e4hlen<\/li>\n\n\n\n<li><strong>API-Einstellungen<\/strong>: Konfigurieren Sie anbieterspezifische Parameter<\/li>\n\n\n\n<li><strong>Timeout-Einstellungen<\/strong>: Anpassung an die Verarbeitungsanforderungen<\/li>\n<\/ul>\n\n\n\n<h2 class=\"wp-block-heading\">Anwendungsf\u00e4lle<\/h2>\n\n\n\n<ul class=\"wp-block-list\">\n<li><strong>Aufbau einer Wissensbasis<\/strong>: Automatisches Erstellen von FAQs aus gel\u00f6sten Tickets<\/li>\n\n\n\n<li><strong>Mehrsprachige Unterst\u00fctzung<\/strong>: Generierung von FAQs in der bevorzugten Sprache des Kunden<\/li>\n\n\n\n<li><strong>Konsistente Dokumentation<\/strong>: Sicherstellung einer einheitlichen FAQ-Qualit\u00e4t in allen Teams<\/li>\n\n\n\n<li><strong>Zeitersparnis<\/strong>: Eliminieren Sie die manuelle Erstellung von FAQ<\/li>\n\n\n\n<li><strong>Wissen bewahren<\/strong>: L\u00f6sungen einfangen, bevor sie vergessen werden<\/li>\n<\/ul>\n\n\n\n<h2 class=\"wp-block-heading\">Generierte FAQ-Struktur<\/h2>\n\n\n\n<p>Jeder FAQ-Artikel enth\u00e4lt:<\/p>\n\n\n\n<ul class=\"wp-block-list\">\n<li><strong>Titel<\/strong>: Kurze Problembeschreibung<\/li>\n\n\n\n<li><strong>Symptom<\/strong>: Was der Kunde erlebt<\/li>\n\n\n\n<li><strong>Problem<\/strong>: Technische Analyse der Emission<\/li>\n\n\n\n<li><strong>L\u00f6sung<\/strong>: Schritt-f\u00fcr-Schritt-L\u00f6sung<\/li>\n\n\n\n<li><strong>Keywords<\/strong>: Suchbare Begriffe einschlie\u00dflich Fehlercodes und Produktnamen<\/li>\n<\/ul>\n\n\n\n<h2 class=\"wp-block-heading\">Details zum Betrieb<\/h2>\n\n\n\n<p>Das Modul liefert umfassende Betriebsinformationen:<\/p>\n\n\n\n<ul class=\"wp-block-list\">\n<li>Erzeugt aus einer bestimmten Ticketnummer<\/li>\n\n\n\n<li>Verwendeter API-Anbieter und Verarbeitungsmodus<\/li>\n\n\n\n<li>Analysierte Artikel mit Zeichenanzahl<\/li>\n\n\n\n<li>Gesamtl\u00e4nge des Inhalts und prozentualer Wirkungsgrad<\/li>\n\n\n\n<li>Verarbeitung von Statistiken zur Optimierung<\/li>\n<\/ul>\n\n\n\n<h2 class=\"wp-block-heading\">Vorteile<\/h2>\n\n\n\n<ul class=\"wp-block-list\">\n<li><strong>Automatisiertes Wissensmanagement<\/strong>: Aufbau einer FAQ-Datenbank ohne manuellen Aufwand<\/li>\n\n\n\n<li><strong>Gleichbleibende Qualit\u00e4t<\/strong>: Einheitliche Struktur und Formatierung f\u00fcr alle FAQs<\/li>\n\n\n\n<li><strong>Zeiteffizienz<\/strong>: Tickets in Sekundenschnelle in FAQs umwandeln<\/li>\n\n\n\n<li><strong>Durchsuchbare Inhalte<\/strong>: Keywords erm\u00f6glichen schnelles Auffinden von FAQ<\/li>\n\n\n\n<li><strong>Skalierbare L\u00f6sung<\/strong>: W\u00e4chst mit Ihrem Ticket-Aufkommen<\/li>\n<\/ul>\n\n\n\n<h2 class=\"wp-block-heading\">Integrationsmerkmale<\/h2>\n\n\n\n<ul class=\"wp-block-list\">\n<li><strong>GenericAgent Kompatibel<\/strong>: Ausl\u00f6ser \u00fcber das Jobsystem von Znuny<\/li>\n\n\n\n<li><strong>Flexible Ausl\u00f6ser<\/strong>: Konfigurieren Sie, wann FAQs generiert werden sollen<\/li>\n\n\n\n<li><strong>Verwaltung des Zugriffes<\/strong>: Kontrollieren Sie, wer auf generierte FAQs zugreifen kann<\/li>\n\n\n\n<li><strong>Ticket-Links<\/strong>: Verkn\u00fcpfungen zwischen Tickets und FAQs erstellen<\/li>\n<\/ul>\n\n\n\n<hr class=\"wp-block-separator has-alpha-channel-opacity\"\/>\n\n\n\n<p><em>Das Modul ZaiQGen FAQ Generator ist Teil der ZAICONNECT-Suite von ADDONFLOW und automatisiert die Erstellung von Wissensdatenbanken auf der Grundlage Ihrer Support-Ticket-Historie.<\/em><\/p>","protected":false},"excerpt":{"rendered":"<p>Automated FAQ Creation from Support Tickets The ZaiQGen FAQ Generator module transforms resolved support tickets into structured FAQ articles automatically. By analyzing ticket conversations and extracting key information, this module builds a comprehensive knowledge base that grows with every resolved&hellip;<\/p>","protected":false},"author":1,"featured_media":0,"parent":0,"menu_order":0,"comment_status":"closed","ping_status":"closed","template":"","meta":{"footnotes":""},"class_list":["post-1180","page","type-page","status-publish","hentry"],"_links":{"self":[{"href":"https:\/\/www.addonflow.com\/de\/wp-json\/wp\/v2\/pages\/1180","targetHints":{"allow":["GET"]}}],"collection":[{"href":"https:\/\/www.addonflow.com\/de\/wp-json\/wp\/v2\/pages"}],"about":[{"href":"https:\/\/www.addonflow.com\/de\/wp-json\/wp\/v2\/types\/page"}],"author":[{"embeddable":true,"href":"https:\/\/www.addonflow.com\/de\/wp-json\/wp\/v2\/users\/1"}],"replies":[{"embeddable":true,"href":"https:\/\/www.addonflow.com\/de\/wp-json\/wp\/v2\/comments?post=1180"}],"version-history":[{"count":2,"href":"https:\/\/www.addonflow.com\/de\/wp-json\/wp\/v2\/pages\/1180\/revisions"}],"predecessor-version":[{"id":1304,"href":"https:\/\/www.addonflow.com\/de\/wp-json\/wp\/v2\/pages\/1180\/revisions\/1304"}],"wp:attachment":[{"href":"https:\/\/www.addonflow.com\/de\/wp-json\/wp\/v2\/media?parent=1180"}],"curies":[{"name":"wp","href":"https:\/\/api.w.org\/{rel}","templated":true}]}}