{"id":1178,"date":"2025-07-29T18:43:43","date_gmt":"2025-07-29T16:43:43","guid":{"rendered":"https:\/\/www.addonflow.com\/?page_id=1178"},"modified":"2025-07-29T19:07:49","modified_gmt":"2025-07-29T17:07:49","slug":"ai-solution-proposal-module","status":"publish","type":"page","link":"https:\/\/www.addonflow.com\/de\/ai-solution-proposal-module\/","title":{"rendered":"KI L\u00f6sungsvorschlag"},"content":{"rendered":"<h2 class=\"wp-block-heading\">Generierung kompletter Kundenl\u00f6sungen<\/h2>\n\n\n\n<p>Das Modul \u201eAI Solution Proposal\u201c generiert automatisch umfassende L\u00f6sungsvorschl\u00e4ge f\u00fcr Kundenprobleme, indem es die gesamte Tickethistorie analysiert. Im Gegensatz zu einfachen Zusammenfassungen erstellt dieses Modul versandfertige L\u00f6sungsvorschl\u00e4ge, die Agenten nutzen k\u00f6nnen, um Kunden und Technikern mit vollst\u00e4ndigen, gut strukturierten Antworten zu antworten.<\/p>\n\n\n\n<h2 class=\"wp-block-heading\">Wesentliche Merkmale<\/h2>\n\n\n\n<h3 class=\"wp-block-heading\">\ud83c\udfaf <strong>Kundengerechte L\u00f6sungen<\/strong><\/h3>\n\n\n\n<ul class=\"wp-block-list\">\n<li><strong>Vorschl\u00e4ge f\u00fcr Komplettl\u00f6sungen<\/strong>: Generiert vollst\u00e4ndige L\u00f6sungstexte f\u00fcr die Kundenkommunikation<\/li>\n\n\n\n<li><strong>Kontextabh\u00e4ngige Antworten<\/strong>: Analysiert die gesamte Ticket-Historie, um relevante L\u00f6sungen anzubieten<\/li>\n\n\n\n<li><strong>Professionelle Formatierung<\/strong>: Erstellt gut strukturierte und kundengerechte Antworten<\/li>\n\n\n\n<li><strong>Sprachabgleich<\/strong>: Reagiert optional automatisch in der Kommunikationssprache des Kunden<\/li>\n<\/ul>\n\n\n\n<h3 class=\"wp-block-heading\">\ud83d\udcca <strong>Umfassende Ticket-Analyse<\/strong><\/h3>\n\n\n\n<ul class=\"wp-block-list\">\n<li><strong>Vollst\u00e4ndige Ber\u00fccksichtigung der Ticket-Historie<\/strong>: Analysiert alle Ticketmitteilungen und internen Notizen<\/li>\n\n\n\n<li><strong>Integration dynamischer Felder<\/strong>: Einbindung konfigurierter Ticketfelder f\u00fcr die L\u00f6sungserstellung<\/li>\n\n\n\n<li><strong>Vorrangige Erkennung<\/strong>: Verarbeitet als wichtig markierte Artikel mit h\u00f6herer Priorit\u00e4t<\/li>\n\n\n\n<li><strong>Intelligente Filterung<\/strong>: Entfernt doppelte Inhalte f\u00fcr eine saubere Analyse<\/li>\n<\/ul>\n\n\n\n<h3 class=\"wp-block-heading\">\ud83e\udd16 <strong>Multi-Provider KI-Unterst\u00fctzung<\/strong><\/h3>\n\n\n\n<ul class=\"wp-block-list\">\n<li><strong>Flexibilit\u00e4t der Anbieter<\/strong>: W\u00e4hlen Sie zwischen ChatGPT, Chatbase, oder ChatData<\/li>\n\n\n\n<li><strong>Modellauswahl<\/strong>: Unterst\u00fctzung f\u00fcr verschiedene KI-Modelle (GPT-4, Claude, Gemini, &amp; Co.)<\/li>\n\n\n\n<li><strong>Temperatur-Einstellung<\/strong>: Kreativit\u00e4t und Konsistenz der L\u00f6sung anpassen<\/li>\n<\/ul>\n\n\n\n<h3 class=\"wp-block-heading\">\u2699\ufe0f <strong>Erweiterte Konfiguration<\/strong><\/h3>\n\n\n\n<ul class=\"wp-block-list\">\n<li><strong>Anpassung der L\u00f6sung<\/strong>: Konfigurieren Sie KI-Prompts f\u00fcr bestimmte L\u00f6sungsstile<\/li>\n\n\n\n<li><strong>Charakter-Management<\/strong>: Setzen Sie Grenzen f\u00fcr eine optimale API-Nutzung:\n<ul class=\"wp-block-list\">\n<li>Gesamtgr\u00f6\u00dfe des Requests<\/li>\n\n\n\n<li>L\u00e4nge der einzelnen Artikel<\/li>\n\n\n\n<li>Inhalt dynamischer Felder<\/li>\n<\/ul>\n<\/li>\n\n\n\n<li><strong>Kennzeichnung des Inhalts f\u00fcr die KI<\/strong>: Anpassen von Artikel-Prefix und Labels<\/li>\n<\/ul>\n\n\n\n<h3 class=\"wp-block-heading\">\ud83d\udcc8 <strong>Leistungsmerkmale<\/strong><\/h3>\n\n\n\n<ul class=\"wp-block-list\">\n<li><strong>Tracking der Effizienz<\/strong>: \u00dcberwachen Sie, wie viele Ticketinhalte analysiert werden<\/li>\n\n\n\n<li><strong>Metriken zur Reaktionszeit<\/strong>: Verfolgen Sie die KI-Verarbeitungsleistung<\/li>\n\n\n\n<li><strong>Intelligente Trunkierung<\/strong>: Optimale Auswahl von Inhalten f\u00fcr gro\u00dfe Tickets<\/li>\n\n\n\n<li><strong>Konfigurierbare Timeouts<\/strong>: Bearbeitungszeit f\u00fcr komplexe Tickets anpassen<\/li>\n<\/ul>\n\n\n\n<h3 class=\"wp-block-heading\">\ud83d\udcdd <strong>Professioneller Output<\/strong><\/h3>\n\n\n\n<ul class=\"wp-block-list\">\n<li><strong>Rich Text Formatierung<\/strong>: Vollst\u00e4ndige Markdown-Unterst\u00fctzung einschlie\u00dflich:\n<ul class=\"wp-block-list\">\n<li>Abschnitts\u00fcberschriften l\u00f6schen<\/li>\n\n\n\n<li>Schritt-f\u00fcr-Schritt-Anleitung<\/li>\n\n\n\n<li>Formatierte Listen und Tabellen<\/li>\n\n\n\n<li>Codebl\u00f6cke f\u00fcr technische Inhalte<\/li>\n\n\n\n<li>Hervorhebungen f\u00fcr wichtige Punkte<\/li>\n<\/ul>\n<\/li>\n\n\n\n<li><strong>Struktur der L\u00f6sung<\/strong>: Gut gegliederte Vorschl\u00e4ge mit logischem Ablauf<\/li>\n\n\n\n<li><strong>Visuelle Klarheit<\/strong>: Saubere, professionelle Pr\u00e4sentation<\/li>\n<\/ul>\n\n\n\n<h3 class=\"wp-block-heading\">\ud83d\udd0d <strong>Operative Transparenz<\/strong><\/h3>\n\n\n\n<ul class=\"wp-block-list\">\n<li><strong>Verarbeitungsindikatoren<\/strong>: Zeigt an, welche Artikel analysiert wurden<\/li>\n\n\n\n<li><strong>Effizienz-Metriken<\/strong>: Zeigt den Prozentsatz des verarbeiteten Inhalts an<\/li>\n\n\n\n<li><strong>Modus-Erkennung<\/strong>: Gibt an, ob eine heuristische oder eine vollst\u00e4ndige Analyse verwendet wurde<\/li>\n\n\n\n<li><strong>Leistungsdaten<\/strong>: Enth\u00e4lt API-Antwortzeiten<\/li>\n<\/ul>\n\n\n\n<h3 class=\"wp-block-heading\">\ud83d\udee0\ufe0f <strong>Diagnostische F\u00e4higkeiten<\/strong><\/h3>\n\n\n\n<ul class=\"wp-block-list\">\n<li><strong>Diagnosemodus<\/strong>: Optionale detaillierte Protokollierung f\u00fcr die Fehlersuche<\/li>\n\n\n\n<li><strong>Verfolgung von Anfragen<\/strong>: API-Kommunikation bei Bedarf \u00fcberwachen<\/li>\n\n\n\n<li><strong>Fehlerberichterstattung<\/strong>: Klare Fehlermeldungen zur schnellen Probleml\u00f6sung<\/li>\n<\/ul>\n\n\n\n<h2 class=\"wp-block-heading\">Konfigurationsoptionen<\/h2>\n\n\n\n<h3 class=\"wp-block-heading\">Inhaltliche Einstellungen<\/h3>\n\n\n\n<ul class=\"wp-block-list\">\n<li><strong>Dynamische Felder<\/strong>: W\u00e4hlen Sie aus, welche Ticketfelder einbezogen werden sollen<\/li>\n\n\n\n<li><strong>Artikel Optionen<\/strong>: Konfigurieren Sie die Nummerierung der Artikel und die Einbeziehung des Datums<\/li>\n\n\n\n<li><strong>Thema Handhabung<\/strong>: Interne Notizthemen einbeziehen oder ausschlie\u00dfen<\/li>\n<\/ul>\n\n\n\n<h3 class=\"wp-block-heading\">KI-Konfiguration<\/h3>\n\n\n\n<ul class=\"wp-block-list\">\n<li><strong>Auswahl der Anbieter<\/strong>: W\u00e4hlen Sie Ihren bevorzugten KI-Service<\/li>\n\n\n\n<li><strong>Modell Optionen<\/strong>: Geeignetes KI-Modell ausw\u00e4hlen<\/li>\n\n\n\n<li><strong>Anpassungen anfordern<\/strong>: Ma\u00dfgeschneiderte Aufforderungen zur L\u00f6sungserstellung<\/li>\n\n\n\n<li><strong>Temperatur-Einstellungen<\/strong>: Kreativit\u00e4tslevel bei der Verarbeitung<\/li>\n<\/ul>\n\n\n\n<h3 class=\"wp-block-heading\">Leistungsoptimierung<\/h3>\n\n\n\n<ul class=\"wp-block-list\">\n<li><strong>Zeichenbegrenzungen<\/strong>: Optimieren Sie f\u00fcr Ihren Anwendungsfall<\/li>\n\n\n\n<li><strong>Timeout-Einstellungen<\/strong>: Anpassung an die Komplexit\u00e4t der Tickets<\/li>\n\n\n\n<li><strong>Bearbeitungspriorit\u00e4ten<\/strong>: Konfigurieren Sie die Priorisierung von Inhalten<\/li>\n<\/ul>\n\n\n\n<h2 class=\"wp-block-heading\">Anwendungsf\u00e4lle<\/h2>\n\n\n\n<ul class=\"wp-block-list\">\n<li><strong>Komplexe Probleml\u00f6sung<\/strong>: Erarbeitung umfassender L\u00f6sungen f\u00fcr vielschichtige Probleme<\/li>\n\n\n\n<li><strong>Konsistente Antworten<\/strong>: Sicherstellung einer einheitlichen L\u00f6sungsqualit\u00e4t in Ihrem Team<\/li>\n\n\n\n<li><strong>Zeitkritische Unterst\u00fctzung<\/strong>: Schnelle Erstellung detaillierter L\u00f6sungen f\u00fcr dringende Anfragen<\/li>\n\n\n\n<li><strong>Technische Dokumentation<\/strong>: Erstellen Sie Schritt-f\u00fcr-Schritt-Anleitungen aus Ticket-Diskussionen<\/li>\n\n\n\n<li><strong>Handhabung der Eskalation<\/strong>: Bereitstellung eines vollst\u00e4ndigen Kontexts und von L\u00f6sungen f\u00fcr eskalierte Probleme<\/li>\n<\/ul>\n\n\n\n<h2 class=\"wp-block-heading\">Informationen zur Ausgabe<\/h2>\n\n\n\n<p>Jede generierte L\u00f6sung umfasst:<\/p>\n\n\n\n<ul class=\"wp-block-list\">\n<li>Vollst\u00e4ndiger, kundengerechter L\u00f6sungsvorschlag<\/li>\n\n\n\n<li>Verarbeitungsmodus (Heuristik oder vollst\u00e4ndiger Inhalt)<\/li>\n\n\n\n<li>Analysierte Artikel mit Wichtigkeitsindikatoren<\/li>\n\n\n\n<li>Aufschl\u00fcsselung der Zeichenverwendung<\/li>\n\n\n\n<li>Wirkungsgrad in Prozent<\/li>\n\n\n\n<li>API-Reaktionszeit<\/li>\n<\/ul>\n\n\n\n<h2 class=\"wp-block-heading\">Nahtlose Integration<\/h2>\n\n\n\n<p>Das KI-L\u00f6sungsvorschlag-Modul l\u00e4sst sich \u00fcber das Generic Agent-Framework nahtlos in Ihr Znuny-System integrieren. Sobald es konfiguriert ist, verarbeitet es automatisch Tickets auf der Grundlage Ihrer Kriterien und generiert umfassende L\u00f6sungsvorschl\u00e4ge als interne Notizen, die die Agenten \u00fcberpr\u00fcfen und an die Kunden senden k\u00f6nnen.<\/p>\n\n\n\n<h2 class=\"wp-block-heading\">Vorteile<\/h2>\n\n\n\n<ul class=\"wp-block-list\">\n<li><strong>Schnellere L\u00f6sung<\/strong>: Verk\u00fcrzung der L\u00f6sungserstellungszeit um bis zu 80%<\/li>\n\n\n\n<li><strong>Gleichbleibende Qualit\u00e4t<\/strong>: Aufrechterhaltung hoher Standards in der gesamten Kundenkommunikation<\/li>\n\n\n\n<li><strong>Agenten-Effizienz<\/strong>: Befreien sie Agenten vom Wiederholten Aufschreiben bekannter L\u00f6sungen<\/li>\n\n\n\n<li><strong>Kundenzufriedenheit<\/strong>: Gr\u00fcndliche, professionelle Antworten geben<\/li>\n\n\n\n<li><strong>Nutzung von Wissen<\/strong>: Nutzen Sie Ihre komplette Tickethistorie effektiv<\/li>\n<\/ul>\n\n\n\n<hr class=\"wp-block-separator has-alpha-channel-opacity\"\/>\n\n\n\n<p><em>Das KI-L\u00f6sungsvorschlag-Modul ist Teil der ZAICONNECT-Suite von ADDONFLOW und unterst\u00fctzt Ihr Support-Team mit intelligenten Funktionen zur L\u00f6sungserstellung.<\/em><\/p>","protected":false},"excerpt":{"rendered":"<p>Complete Customer Solution Generation The AI Solution Proposal module automatically generates comprehensive solution proposals for customer issues by analyzing entire ticket histories. Unlike simple summaries, this module creates ready-to-send solution proposals that agents can use to respond to customers with&hellip;<\/p>","protected":false},"author":1,"featured_media":0,"parent":0,"menu_order":0,"comment_status":"closed","ping_status":"closed","template":"","meta":{"footnotes":""},"class_list":["post-1178","page","type-page","status-publish","hentry"],"_links":{"self":[{"href":"https:\/\/www.addonflow.com\/de\/wp-json\/wp\/v2\/pages\/1178","targetHints":{"allow":["GET"]}}],"collection":[{"href":"https:\/\/www.addonflow.com\/de\/wp-json\/wp\/v2\/pages"}],"about":[{"href":"https:\/\/www.addonflow.com\/de\/wp-json\/wp\/v2\/types\/page"}],"author":[{"embeddable":true,"href":"https:\/\/www.addonflow.com\/de\/wp-json\/wp\/v2\/users\/1"}],"replies":[{"embeddable":true,"href":"https:\/\/www.addonflow.com\/de\/wp-json\/wp\/v2\/comments?post=1178"}],"version-history":[{"count":2,"href":"https:\/\/www.addonflow.com\/de\/wp-json\/wp\/v2\/pages\/1178\/revisions"}],"predecessor-version":[{"id":1208,"href":"https:\/\/www.addonflow.com\/de\/wp-json\/wp\/v2\/pages\/1178\/revisions\/1208"}],"wp:attachment":[{"href":"https:\/\/www.addonflow.com\/de\/wp-json\/wp\/v2\/media?parent=1178"}],"curies":[{"name":"wp","href":"https:\/\/api.w.org\/{rel}","templated":true}]}}